{"id":525,"date":"2018-02-01T00:16:20","date_gmt":"2018-02-01T00:16:20","guid":{"rendered":"http:\/\/tommustester.wpengine.com\/?page_id=525"},"modified":"2022-09-17T18:51:16","modified_gmt":"2022-09-17T23:51:16","slug":"app-landing-shanghai","status":"publish","type":"page","link":"https:\/\/promo.cartagenadelmar.edu.co\/","title":{"rendered":"App Landing Shanghai"},"content":{"rendered":"<p>[vc_row full_width=&#8221;stretch_row_content_no_spaces&#8221;][vc_column]\n\t\t\t<!-- START shanghaislider REVOLUTION SLIDER 6.2.22 --><p class=\"rs-p-wp-fix\"><\/p>\n\t\t\t<rs-module-wrap id=\"rev_slider_1_1_wrapper\" data-source=\"gallery\" style=\"background:transparent;padding:0;\">\n\t\t\t\t<rs-module id=\"rev_slider_1_1\" style=\"\" data-version=\"6.2.22\">\n\t\t\t\t\t<rs-slides>\n\t\t\t\t\t\t<rs-slide data-key=\"rs-1\" data-title=\"Slide\" data-anim=\"ei:d;eo:d;s:800;r:0;t:fade;sl:d;\">\n\t\t\t\t\t\t\t<img src=\"\/\/promo.cartagenadelmar.edu.co\/wp-content\/plugins\/revslider\/public\/assets\/assets\/transparent.png\" alt=\"Slide\" title=\"App Landing Shanghai\" data-bg=\"c:#2a83e8;\" class=\"rev-slidebg\" data-no-retina>\n<!--\n\t\t\t\t\t\t\t--><rs-layer\n\t\t\t\t\t\t\t\tid=\"slider-1-slide-1-layer-1\" \n\t\t\t\t\t\t\t\tdata-type=\"image\"\n\t\t\t\t\t\t\t\tdata-rsp_ch=\"on\"\n\t\t\t\t\t\t\t\tdata-xy=\"x:r;xo:50px;y:m;\"\n\t\t\t\t\t\t\t\tdata-text=\"l:22;a:inherit;\"\n\t\t\t\t\t\t\t\tdata-dim=\"w:468px,408px,408px,408px;h:603.992px,749px,749px,749px;\"\n\t\t\t\t\t\t\t\tdata-vbility=\"t,t,f,f\"\n\t\t\t\t\t\t\t\tdata-frame_0=\"y:50px;\"\n\t\t\t\t\t\t\t\tdata-frame_1=\"st:490;sp:1000;sR:490;\"\n\t\t\t\t\t\t\t\tdata-frame_999=\"o:0;st:w;sR:7510;\"\n\t\t\t\t\t\t\t\tstyle=\"z-index:8;\"\n\t\t\t\t\t\t\t><img src=\"\/\/promo.cartagenadelmar.edu.co\/wp-content\/uploads\/2022\/09\/nino-trans.png\" width=\"384\" height=\"496\" data-no-retina> \n\t\t\t\t\t\t\t<\/rs-layer><!--\n\n\t\t\t\t\t\t\t--><rs-layer\n\t\t\t\t\t\t\t\tid=\"slider-1-slide-1-layer-2\" \n\t\t\t\t\t\t\t\tdata-type=\"text\"\n\t\t\t\t\t\t\t\tdata-rsp_ch=\"on\"\n\t\t\t\t\t\t\t\tdata-xy=\"xo:40px;y:m;yo:-217px,-217px,-217px,-184px;\"\n\t\t\t\t\t\t\t\tdata-text=\"s:100,100,100,60;l:130,130,130,80;fw:700;a:inherit;\"\n\t\t\t\t\t\t\t\tdata-frame_0=\"y:100%;\"\n\t\t\t\t\t\t\t\tdata-frame_0_mask=\"u:t;y:100%;\"\n\t\t\t\t\t\t\t\tdata-frame_1=\"e:power2.inOut;st:500;sp:1000;sR:500;\"\n\t\t\t\t\t\t\t\tdata-frame_1_mask=\"u:t;\"\n\t\t\t\t\t\t\t\tdata-frame_999=\"o:0;st:w;sR:7500;\"\n\t\t\t\t\t\t\t\tstyle=\"z-index:9;font-family:Poppins;\"\n\t\t\t\t\t\t\t>Reg\u00edstate \n\t\t\t\t\t\t\t<\/rs-layer><!--\n\n\t\t\t\t\t\t\t--><rs-layer\n\t\t\t\t\t\t\t\tid=\"slider-1-slide-1-layer-3\" \n\t\t\t\t\t\t\t\tdata-type=\"text\"\n\t\t\t\t\t\t\t\tdata-rsp_ch=\"on\"\n\t\t\t\t\t\t\t\tdata-xy=\"xo:40px;y:m;yo:-112px;\"\n\t\t\t\t\t\t\t\tdata-text=\"s:100,100,100,60;l:130,130,130,80;fw:700;a:inherit;\"\n\t\t\t\t\t\t\t\tdata-frame_0=\"y:100%;\"\n\t\t\t\t\t\t\t\tdata-frame_0_mask=\"u:t;y:100%;\"\n\t\t\t\t\t\t\t\tdata-frame_1=\"e:power2.inOut;st:500;sp:1000;sR:500;\"\n\t\t\t\t\t\t\t\tdata-frame_1_mask=\"u:t;\"\n\t\t\t\t\t\t\t\tdata-frame_999=\"o:0;st:w;sR:7500;\"\n\t\t\t\t\t\t\t\tstyle=\"z-index:10;font-family:Poppins;\"\n\t\t\t\t\t\t\t>Ahora! \n\t\t\t\t\t\t\t<\/rs-layer><!--\n\n\t\t\t\t\t\t\t--><rs-layer\n\t\t\t\t\t\t\t\tid=\"slider-1-slide-1-layer-4\" \n\t\t\t\t\t\t\t\tdata-type=\"text\"\n\t\t\t\t\t\t\t\tdata-rsp_ch=\"on\"\n\t\t\t\t\t\t\t\tdata-xy=\"xo:37px,40px,40px,40px;y:m;yo:49px,6px,6px,-5px;\"\n\t\t\t\t\t\t\t\tdata-text=\"w:normal;s:22;l:30;a:inherit;\"\n\t\t\t\t\t\t\t\tdata-dim=\"w:581.999px,489px,489px,398px;h:auto,auto,auto,91px;\"\n\t\t\t\t\t\t\t\tdata-frame_0=\"y:100%;\"\n\t\t\t\t\t\t\t\tdata-frame_0_mask=\"u:t;y:100%;\"\n\t\t\t\t\t\t\t\tdata-frame_1=\"e:power2.inOut;st:500;sp:1000;sR:500;\"\n\t\t\t\t\t\t\t\tdata-frame_1_mask=\"u:t;\"\n\t\t\t\t\t\t\t\tdata-frame_999=\"o:0;st:w;sR:7500;\"\n\t\t\t\t\t\t\t\tstyle=\"z-index:12;font-family:Noto Serif;font-style:italic;\"\n\t\t\t\t\t\t\t>Danza, Ciencia, Lectura, Ecolog\u00eda, Banda de paz y m\u00e1s... \n\t\t\t\t\t\t\t<\/rs-layer><!--\n\n\t\t\t\t\t\t\t--><rs-layer\n\t\t\t\t\t\t\t\tid=\"slider-1-slide-1-layer-5\" \n\t\t\t\t\t\t\t\tclass=\"btn-white rev-btn\"\n\t\t\t\t\t\t\t\tdata-type=\"button\"\n\t\t\t\t\t\t\t\tdata-color=\"rgba(0,0,0,1)\"\n\t\t\t\t\t\t\t\tdata-xy=\"xo:36px,36px,36px,40px;y:m;yo:109px,109px,109px,111px;\"\n\t\t\t\t\t\t\t\tdata-text=\"s:19;l:17;a:inherit;\"\n\t\t\t\t\t\t\t\tdata-actions='id:3a;o:click;a:scrollto;offset:10px;d:500ms;sp:500ms;e:power0.in;'\n\t\t\t\t\t\t\t\tdata-rsp_bd=\"off\"\n\t\t\t\t\t\t\t\tdata-padding=\"t:16;r:30;b:16;l:30;\"\n\t\t\t\t\t\t\t\tdata-border=\"bos:solid;boc:rgba(255, 255, 255, 0);bow:2px,2px,2px,2px;bor:50px,50px,50px,50px;\"\n\t\t\t\t\t\t\t\tdata-frame_0=\"y:100%;\"\n\t\t\t\t\t\t\t\tdata-frame_0_mask=\"u:t;y:100%;\"\n\t\t\t\t\t\t\t\tdata-frame_1=\"e:power2.inOut;st:500;sp:1000;sR:500;\"\n\t\t\t\t\t\t\t\tdata-frame_1_mask=\"u:t;\"\n\t\t\t\t\t\t\t\tdata-frame_999=\"o:0;st:w;sR:7500;\"\n\t\t\t\t\t\t\t\tdata-frame_hover=\"c:#fff;bgc:rgba(255,255,255,0);boc:#fff;bor:50px,50px,50px,50px;bos:solid;bow:2px,2px,2px,2px;oX:50;oY:50;sp:0;e:none;\"\n\t\t\t\t\t\t\t\tstyle=\"z-index:13;background-color:rgba(255,255,255,1);font-family:Source Sans Pro;cursor:pointer;outline:none;box-shadow:none;box-sizing:border-box;-moz-box-sizing:border-box;-webkit-box-sizing:border-box;\"\n\t\t\t\t\t\t\t>Deja tus datos \n\t\t\t\t\t\t\t<\/rs-layer><!--\n\n\t\t\t\t\t\t\t--><rs-layer\n\t\t\t\t\t\t\t\tid=\"slider-1-slide-1-layer-6\" \n\t\t\t\t\t\t\t\tdata-type=\"text\"\n\t\t\t\t\t\t\t\tdata-rsp_ch=\"on\"\n\t\t\t\t\t\t\t\tdata-xy=\"xo:40px;y:m;yo:6px,6px,6px,-5px;\"\n\t\t\t\t\t\t\t\tdata-text=\"w:normal;s:29,22,22,22;l:39,30,30,30;a:inherit;\"\n\t\t\t\t\t\t\t\tdata-dim=\"w:725,489px,489px,398px;h:auto,auto,auto,91px;\"\n\t\t\t\t\t\t\t\tdata-frame_0=\"y:100%;\"\n\t\t\t\t\t\t\t\tdata-frame_0_mask=\"u:t;y:100%;\"\n\t\t\t\t\t\t\t\tdata-frame_1=\"e:power2.inOut;st:500;sp:1000;sR:500;\"\n\t\t\t\t\t\t\t\tdata-frame_1_mask=\"u:t;\"\n\t\t\t\t\t\t\t\tdata-frame_999=\"o:0;st:w;sR:7500;\"\n\t\t\t\t\t\t\t\tstyle=\"z-index:11;font-family:Noto Serif;font-style:italic;\"\n\t\t\t\t\t\t\t>\u00bfQu\u00e9 habilidad quiere desarrollar tu hijo o hija?\n\n \n\t\t\t\t\t\t\t<\/rs-layer><!--\n-->\t\t\t\t\t\t<\/rs-slide>\n\t\t\t\t\t<\/rs-slides>\n\t\t\t\t<\/rs-module>\n\t\t\t\t<script type=\"text\/javascript\">\n\t\t\t\t\tsetREVStartSize({c: 'rev_slider_1_1',rl:[1240,1024,778,480],el:[867.998,768,960,720],gw:[1240,1024,778,480],gh:[868,768,960,720],type:'hero',justify:'',layout:'fullscreen',offsetContainer:'',offset:'',mh:\"0\"});\n\t\t\t\t\tvar\trevapi1,\n\t\t\t\t\t\ttpj;\n\t\t\t\t\tfunction revinit_revslider11() {\n\t\t\t\t\tjQuery(function() {\n\t\t\t\t\t\ttpj = jQuery;\n\t\t\t\t\t\trevapi1 = tpj(\"#rev_slider_1_1\");\n\t\t\t\t\t\tif(revapi1==undefined || revapi1.revolution == undefined){\n\t\t\t\t\t\t\trevslider_showDoubleJqueryError(\"rev_slider_1_1\");\n\t\t\t\t\t\t}else{\n\t\t\t\t\t\t\trevapi1.revolution({\n\t\t\t\t\t\t\t\tsliderType:\"hero\",\n\t\t\t\t\t\t\t\tsliderLayout:\"fullscreen\",\n\t\t\t\t\t\t\t\tvisibilityLevels:\"1240,1024,778,480\",\n\t\t\t\t\t\t\t\tgridwidth:\"1240,1024,778,480\",\n\t\t\t\t\t\t\t\tgridheight:\"868,768,960,720\",\n\t\t\t\t\t\t\t\tspinner:\"spinner0\",\n\t\t\t\t\t\t\t\tperspective:600,\n\t\t\t\t\t\t\t\tperspectiveType:\"local\",\n\t\t\t\t\t\t\t\teditorheight:\"867.998,768,960,720\",\n\t\t\t\t\t\t\t\tresponsiveLevels:\"1240,1024,778,480\",\n\t\t\t\t\t\t\t\tprogressBar:{disableProgressBar:true},\n\t\t\t\t\t\t\t\tnavigation: {\n\t\t\t\t\t\t\t\t\tonHoverStop:false\n\t\t\t\t\t\t\t\t},\n\t\t\t\t\t\t\t\tfallbacks: {\n\t\t\t\t\t\t\t\t\tallowHTML5AutoPlayOnAndroid:true\n\t\t\t\t\t\t\t\t},\n\t\t\t\t\t\t\t});\n\t\t\t\t\t\t}\n\t\t\t\t\t\t\n\t\t\t\t\t});\n\t\t\t\t\t} \/\/ End of RevInitScript\n\t\t\t\tvar once_revslider11 = false;\n\t\t\t\tif (document.readyState === \"loading\") {document.addEventListener('readystatechange',function() { if((document.readyState === \"interactive\" || document.readyState === \"complete\") && !once_revslider11 ) { once_revslider11 = true; revinit_revslider11();}});} else {once_revslider11 = true; revinit_revslider11();}\n\t\t\t\t<\/script>\n\t\t\t<\/rs-module-wrap>\n\t\t\t<!-- END REVOLUTION SLIDER -->\n[\/vc_column][\/vc_row][vc_section full_width=&#8221;stretch_row&#8221; css=&#8221;.vc_custom_1663458670183{background-color: #f7f7f7 !important;}&#8221; el_id=&#8221;3a&#8221;][vc_row][vc_column width=&#8221;1\/2&#8243;][vc_wp_text]<!--JB Tracker--> <script type=\"text\/javascript\"> var _paq = _paq || []; (function(){ if(window.apScriptInserted) return; _paq.push(['clientToken', 'P%2bsIjEMd6oQ%3d']); var d=document, g=d.createElement('script'), s=d.getElementsByTagName('script')[0]; g.type='text\/javascript'; g.async=true; g.defer=true; g.src='https:\/\/prod.benchmarkemail.com\/tracker.bundle.js'; s.parentNode.insertBefore(g,s); window.apScriptInserted=true;})(); <\/script> <!--\/JB Tracker--> <!-- BEGIN: Signup Form Popup Code from Benchmark Email Ver 4.0 --><\/p>\n<style type=\"text\/css\">\n .formbox-editor_DGK6H fieldset {border: none;margin: 0;padding: 0 40px;position: relative;}<br \/> .formbox-editor_DGK6H fieldset > input,.formbox-editor_DGK6H fieldset > textarea,.formbox-editable-field_DGK6H {margin: 10px 0;outline: none;}<br \/> .spacer-block_DGK6H {min-height: 20px;padding: 10px 0;position: relative;}<br \/> .spacer-block-line_DGK6H {position: absolute;top: 50%;left: 40px;right: 40px;display: none;border-top-style: solid;}<br \/> .formbox-editor_DGK6H {margin: 0 auto;padding: 0;text-align: left;width: 100%;box-sizing: border-box;}<br \/> #formbox_screen_subscribe_DGK6H, #formbox_screen_success_DGK6H {padding: 30px 0;}<br \/> .formbox-title_DGK6H, .formbox-text-field_DGK6H {margin-bottom: 0; font-family: Helvetica, Arial, sans-serif; color: #000000; font-size: 14px; }<br \/> .formbox-title_DGK6H a, .formbox-text-field_DGK6H a  {text-decoration: none;}<br \/> .formbox-title_DGK6H p, .formbox-text-field_DGK6H p {margin: 0;margin-bottom: 10px;padding: 0; word-break: break-word;}<\/p>\n<p> label.formbox-field-label_DGK6H {font-family: Helvetica, Arial, sans-serif; display: block; margin: 10px 0 0; padding: 0; font-size: 14px; text-align: left;line-height: 100%; color: #000000;}<br \/> label.formbox-label-wrap_DGK6H {font-family: Helvetica, Arial, sans-serif; display: block; margin: 10px 0 0; padding: 0; font-size: 14px; line-height: 100%; padding-left: 15px; text-indent: -15px; font-style: italic;color: #000000;} label.formbox-label-wrap_DGK6H:last-of-type {margin-bottom: 10px;}<br \/> label.formbox-label-wrap_DGK6H input[type=checkbox], label.formbox-label-wrap_DGK6H input[type=radio] { width: 13px; height: 13px; padding: 0; margin:0; margin-right: 5px; vertical-align: bottom; position: relative; top: -1px; }<br \/> select.formbox-field_DGK6H {background-color: #000000; border: 2px solid #f1f2f2; border-radius: 0px; box-sizing: border-box; background-color: #ffffff; font-family: Helvetica, Arial, sans-serif; font-size: 14px; width: 100%; margin: 10px 0; height: auto; padding: 2px 0px;}<\/p>\n<p> input.formbox-field_DGK6H {color: #000000; background-color: #ffffff; border: 2px solid #f1f2f2; border-radius:0px; font-family: Helvetica, Arial, sans-serif; font-size: 14px; box-sizing: border-box; padding:15px; width: 100%;} input.formbox-field_DGK6H.text-placeholder {color: #c4c4c4; font-weight: normal; font-style: normal; font-family: Helvetica, Arial, sans-serif; font-size: 14px;}<br \/> .formbox-field_DGK6H::-webkit-input-placeholder {color: #c4c4c4; font-weight: normal; font-style: normal;opacity: 1;}<br \/> .formbox-field_DGK6H::-moz-placeholder { color: #c4c4c4; font-weight: normal; font-style: normal;opacity: 1;}<br \/> .formbox-field_DGK6H:-ms-input-placeholder {color: #c4c4c4; font-weight: normal; font-style: normal; opacity: 1;}<br \/> .formbox-button_DGK6H {line-height: 100%;  cursor: pointer; margin: 10px 0; }<br \/> .formbox-button_DGK6H:hover { background-color:#3a3aff !important; }<br \/> .formbox-button_DGK6H:active { background-color:#1212e7 !important; }<br \/>#popupFormLoader_DGK6H { display: none; position: absolute; bottom: 10px; right: 10px; width: 20px; height: 20px; background-image: url(https:\/\/benchmarkemail.com\/images\/popup-builder\/loadingicon.svg); background-position: center center; background-repeat: no-repeat; background-color: rgb(255, 255, 255); background-color: rgba(255, 255, 255, 0.3);  border-radius: 100%; -webkit-animation-name: spin; -webkit-animation-duration: 800ms; -webkit-animation-iteration-count: infinite; -webkit-animation-timing-function: linear; -moz-animation-name: spin; -moz-animation-duration: 800ms; -moz-animation-iteration-count: infinite; -moz-animation-timing-function: linear;<br \/>-ms-animation-name: spin;-ms-animation-duration: 800ms;-ms-animation-iteration-count: infinite;-ms-animation-timing-function: linear;animation-name: spin;animation-duration: 800ms;animation-iteration-count: infinite;animation-timing-function: linear;}<\/p>\n<\/style>\n<div id=\"signupFormContainer_DGK6H\">\n<div id=\"signupFormContent_DGK6H\">\n<div class=\"formbox-editor_DGK6H\" style=\"background: #ffffff; border-radius: 0px; box-sizing: border-box; top: 0px;\">\n<div id=\"formbox_screen_subscribe_DGK6H\" style=\"display: block;\"><input id=\"token_DGK6H\" name=\"token_DGK6H\" type=\"hidden\" value=\"mFcQnoBFKMTso%2F%2Fw%2FqYSJ8gJdt4KRNs4c6uvuOQwYLoEJR3KWGmEXQ%3D%3D\" \/><br \/>\n<input id=\"successurl_DGK6H\" name=\"successurl_DGK6H\" type=\"hidden\" value=\"https:\/\/lb.benchmarkemail.com\/Code\/ThankYouOptin?language=spanish\" \/><br \/>\n<input id=\"errorurl_DGK6H\" name=\"errorurl_DGK6H\" type=\"hidden\" value=\"https:\/\/lb.benchmarkemail.com\/\/Code\/Error\" \/><\/p>\n<fieldset class=\"formbox-field_DGK6H\" style=\"text-align: center; padding: 0px 40px;\"><img style=\"max-width: 100%;\" src=\"https:\/\/images.benchmarkemail.com\/client1482146\/image12840157.jpg\" \/><\/fieldset>\n<fieldset class=\"formbox-field_DGK6H\"><input id=\"fldfirstname_DGK6H\" class=\"formbox-field_DGK6H text-placeholder\" maxlength=\"100\" name=\"fldfirstname_DGK6H\" type=\"text\" placeholder=\"Nombre\" \/><\/fieldset>\n<fieldset class=\"formbox-field_DGK6H\"><input id=\"fldfield6_DGK6H\" class=\"formbox-field_DGK6H text-placeholder\" maxlength=\"100\" name=\"fldfield6_DGK6H\" type=\"text\" placeholder=\"Tel\u00e9fono\" \/><\/fieldset>\n<fieldset class=\"formbox-field_DGK6H\"><input id=\"fldemail_DGK6H\" class=\"formbox-field_DGK6H text-placeholder\" maxlength=\"100\" name=\"fldemail_DGK6H\" type=\"text\" placeholder=\"Direcci\u00f3n de correo *\" \/><\/fieldset>\n<fieldset style=\"text-align: center;\">\n<div id=\"btnSubmit_DGK6H\" class=\"formbox-button_DGK6H\" style=\"word-break: break-all; box-sizing: border-box; text-align: center; display: inline-block; background-color: #2626fb; border: rgba(0, 0, 0, 0) solid 0px; border-radius: 2px; font-family: Helvetica, Arial, sans-serif; font-size: 14px; color: #ffffff; line-height: 1; letter-spacing: 1pxpx; padding: 15px;\">Contactame<\/div>\n<\/fieldset>\n<\/div>\n<\/div>\n<\/div>\n<\/div>\n<p><script type=\"text\/javascript\">\nfunction CheckField_DGK6H(fldName, frm){var fldObj = document.getElementsByName(fldName);if ( fldObj.length > 1 ) {  for ( var i = 0, l = fldObj.length; i < l; i++ ) { if ( fldObj[0].type == 'select-one' ) { if( fldObj[i].selected &#038;&#038; i==0 &#038;&#038; fldObj[i].value == '' ) { return false; } if ( fldObj[i].selected ) { return true; } } else { if ( fldObj[i].checked ) { return true; } }; } return false; } else { if ( fldObj[0].type == \"checkbox\" ) { return ( fldObj[0].checked ); } else if ( fldObj[0].type == \"radio\" ) { return ( fldObj[0].checked ); } else { fldObj[0].focus(); return (fldObj[0].value.length > 0); }} }\nfunction rmspaces(x) {var leftx = 0;var rightx = x.length -1;while ( x.charAt(leftx) == ' ') { leftx++; }while ( x.charAt(rightx) == ' ') { --rightx; }var q = x.substr(leftx,rightx-leftx + 1);if ( (leftx == x.length) && (rightx == -1) ) { q =''; } return(q); }<\/p>\n<p>function checkfield(data) {if (rmspaces(data) == \"\"){return false;}else {return true;}}<\/p>\n<p>function isemail(data) {var flag = false;if (  data.indexOf(\"@\",0)  == -1 || data.indexOf(\"\\\\\",0)  != -1 ||data.indexOf(\"\/\",0)  != -1 ||!checkfield(data) ||  data.indexOf(\".\",0)  == -1  ||  data.indexOf(\"@\")  == 0 ||data.lastIndexOf(\".\") < data.lastIndexOf(\"@\") ||data.lastIndexOf(\".\") == (data.length - 1)   ||data.lastIndexOf(\"@\") !=   data.indexOf(\"@\") ||data.indexOf(\",\",0)  != -1 ||data.indexOf(\":\",0)  != -1 ||data.indexOf(\";\",0)  != -1  ) {return flag;} else {var temp = rmspaces(data);if (temp.indexOf(' ',0) != -1) { flag = true; }var d3 = temp.lastIndexOf('.') + 4;var d4 = temp.substring(0,d3);var e2 = temp.length  -  temp.lastIndexOf('.')  - 1;var i1 = temp.indexOf('@');if (  (temp.charAt(i1+1) == '.') || ( e2 < 1 ) ) { flag = true; }return !flag;}}\n\nfunction focusPlaceHolder(obj) { \nobj.className = \"formbox-field_DGK6H\"; }\nfunction blurPlaceHolder(obj) { \nif ( obj.value == '' ) { obj.className = \"formbox-field_DGK6H text-placeholder\"; } } \nfunction isValidDate(year, month, day) { \nif (year.toString() == '' || month.toString() == '' || day.toString() == '') { return false;} try { year = parseInt(year); month = parseInt(month); day = parseInt(day); } catch (e) { return false;} var d = new Date(year, month - 1, day, 0, 0, 0, 0); return (!isNaN(d) &#038;&#038; (d.getDate() == day &#038;&#038; d.getMonth() + 1 == month &#038;&#038; d.getFullYear() == year));}var submitButton_DGK6H = document.getElementById(\"btnSubmit_DGK6H\");\nvar subscribeScreen_DGK6H = document.getElementById(\"formbox_screen_subscribe_DGK6H\");\nvar signupFormContainer_DGK6H = document.getElementById(\"signupFormContainer_DGK6H\");\nvar signupFormLoader_DGK6H = document.getElementById(\"popupFormLoader_DGK6H\");\nfunction submit_DGK6HClick(){\n var retVal = true; var contentdata = \"\"; var frm = document.getElementById(\"formbox_screen_subscribe_DGK6H\");if ( !CheckField_DGK6H(\"fldfirstname_DGK6H\", frm) ) { \n   alert(\"Por favor introduzca el Nombre\");\n retVal = false;}if ( !CheckField_DGK6H(\"fldfield6_DGK6H\", frm) ) { \n   alert(\"Por favor introduzca el Tel\\u00E9fono\");\n retVal = false;}if ( !isemail(document.getElementsByName(\"fldemail_DGK6H\")[0].value) ) { \n   alert(\"Por favor introduzca el Direcci\\u00F3n de correo\");\ndocument.getElementById(\"fldemail_DGK6H\").focus(); retVal = false;} if ( retVal == true ) {var frm = \"_DGK6H\"; var f = document.createElement(\"form\"); f.setAttribute('accept-charset', \"UTF-8\");  f.setAttribute('method', \"post\"); f.setAttribute('action', \"https:\/\/lb.benchmarkemail.com\/\/code\/lbform\"); var elms = document.getElementsByName(\"frmLB\" + frm)[0].getElementsByTagName(\"*\");var ty = \"\"; for (var ei = 0; ei < elms.length; ei++) {ty = elms[ei].type; if (ty == \"hidden\" || ty == \"text\" || (ty == \"checkbox\" &#038;&#038; elms[ei].checked) || (ty == \"radio\" &#038;&#038; elms[ei].checked) || ty == \"textarea\" || ty == \"select-one\" || ty == \"button\") {elm = elms[ei]; if(elm.id != \"\") { var i = document.createElement(\"input\"); i.type = \"hidden\"; i.name = elm.name.replace(\"_DGK6H\", \"\"); i.id = elm.id; i.value = elm.value; f.appendChild(i); } } } document.getElementsByTagName('body')[0].appendChild(f);f.submit(); } if(isemail(document.getElementById(\"fldemail_DGK6H\").value) &#038;&#038; window &#038;&#038; window.JB_TRACKER &#038;&#038; typeof window.JB_TRACKER.jbSubmitForm === 'function') { window.JB_TRACKER.jbSubmitForm({ email: document.getElementById(\"fldemail_DGK6H\").value, didSubmit: true }); } return retVal;} var bmePopupFormViewed_DGK6H = localStorage.getItem('bmePopupFormSignedUp1712719'); if ( bmePopupFormViewed_DGK6H != 'true') { } function debounce_DGK6H(func, wait, immediate) { var timeout; return function() { var context = this, args = arguments; var later = function() {timeout = null; if (!immediate) func.apply(context, args); }; var callNow = immediate &#038;&#038; !timeout; clearTimeout(timeout); timeout = setTimeout(later, wait); if (callNow) func.apply(context, args); }; }; var hasVerticalCenter_DGK6H = document.getElementsByClassName('position-centered'); function verticalCenter_DGK6H(element) { if(element) { element.style.opacity = 0; element.style.display = 'block'; } setTimeout(function () { if (hasVerticalCenter_DGK6H.length > 0) { var windowHeight = Math.max(document.documentElement.clientHeight, window.innerHeight || 0); \n var formElement_DGK6H = document.getElementsByClassName('formbox-editor_DGK6H')[0]; var formHeight_DGK6H = formElement_DGK6H.clientHeight; \n if (formHeight_DGK6H < windowHeight) { var newPosition = 0; newPosition = (windowHeight - formHeight_DGK6H) \/ 2; formElement_DGK6H.style.top = newPosition + 'px'; } else { formElement_DGK6H.style.top = '0px'; } } if(element) { element.style.opacity = 1; } }, 100); } if (hasVerticalCenter_DGK6H.length > 0) { var resizeEvent_DGK6H = debounce_DGK6H(function() { verticalCenter_DGK6H(); }, 250); window.addEventListener('resize', resizeEvent_DGK6H); } <\/p>\n<p><\/script><\/p>\n<p><!-- END: Signup Form Popup Code from Benchmark Email Ver 4.0 -->[\/vc_wp_text][\/vc_column][vc_column width=&#8221;1\/2&#8243;][vc_column_text]<\/p>\n<h4 class=\"lead-heading mb-0\" style=\"text-align: center;\">Para el desarrollo integral de los ni\u00f1os y ni\u00f1as que hacen parte de la comunidad Cartagena del Mar, contamos con diferentes tipos de proyectos paralelos a la educaci\u00f3n, que permite a los estudiantes identificar sus habilidades y explotarlas para un mejor futura.<\/h4>\n<h3 class=\"btn-holder mt-50\" style=\"text-align: center;\">Diligencia el formulario y uno de nosotros se pondr\u00e1 en contacto contigo<\/h3>\n<p>[\/vc_column_text][\/vc_column][\/vc_row][\/vc_section][vc_section full_width=&#8221;stretch_row&#8221; el_class=&#8221;bg-color&#8221;][vc_row][vc_column][vc_column_text]<\/p>\n<h2 class=\"large white\" style=\"text-align: center;\">S\u00edguenos en las redes y conoce m\u00e1s<\/h2>\n<div class=\"cta-buttons mt-30 animated-bottom\" style=\"text-align: center;\">\n<p><a class=\"btn btn-lg btn-dark btn-icon rounded\" href=\"https:\/\/instagram.com\/cartagenadelmar\">Instagram \u00a0<\/a><a class=\"btn btn-lg btn-dark btn-icon rounded\" href=\"https:\/\/facebook.com\/inst.cartagenadelmar\"><i class=\"fa fa-android\"><!-- icon --><\/i>Facebook<\/a><\/p>\n<\/div>\n<p>[\/vc_column_text][\/vc_column][\/vc_row][\/vc_section]<\/p>\n<div class=\"clearfix\"><\/div>","protected":false},"excerpt":{"rendered":"<p>[vc_row full_width=&#8221;stretch_row_content_no_spaces&#8221;][vc_column][\/vc_column][\/vc_row][vc_section full_width=&#8221;stretch_row&#8221; css=&#8221;.vc_custom_1663458670183{background-color: #f7f7f7 !important;}&#8221; el_id=&#8221;3a&#8221;][vc_row][vc_column width=&#8221;1\/2&#8243;][vc_wp_text] Contactame [\/vc_wp_text][\/vc_column][vc_column width=&#8221;1\/2&#8243;][vc_column_text] Para el desarrollo integral de los ni\u00f1os y ni\u00f1as que hacen parte de la comunidad Cartagena del Mar, contamos con diferentes tipos de proyectos paralelos a la educaci\u00f3n, que permite a los estudiantes identificar&#8230;<\/p>\n","protected":false},"author":1,"featured_media":0,"parent":0,"menu_order":0,"comment_status":"closed","ping_status":"closed","template":"","meta":[],"_links":{"self":[{"href":"https:\/\/promo.cartagenadelmar.edu.co\/index.php?rest_route=\/wp\/v2\/pages\/525"}],"collection":[{"href":"https:\/\/promo.cartagenadelmar.edu.co\/index.php?rest_route=\/wp\/v2\/pages"}],"about":[{"href":"https:\/\/promo.cartagenadelmar.edu.co\/index.php?rest_route=\/wp\/v2\/types\/page"}],"author":[{"embeddable":true,"href":"https:\/\/promo.cartagenadelmar.edu.co\/index.php?rest_route=\/wp\/v2\/users\/1"}],"replies":[{"embeddable":true,"href":"https:\/\/promo.cartagenadelmar.edu.co\/index.php?rest_route=%2Fwp%2Fv2%2Fcomments&post=525"}],"version-history":[{"count":8,"href":"https:\/\/promo.cartagenadelmar.edu.co\/index.php?rest_route=\/wp\/v2\/pages\/525\/revisions"}],"predecessor-version":[{"id":985,"href":"https:\/\/promo.cartagenadelmar.edu.co\/index.php?rest_route=\/wp\/v2\/pages\/525\/revisions\/985"}],"wp:attachment":[{"href":"https:\/\/promo.cartagenadelmar.edu.co\/index.php?rest_route=%2Fwp%2Fv2%2Fmedia&parent=525"}],"curies":[{"name":"wp","href":"https:\/\/api.w.org\/{rel}","templated":true}]}}